{"id":458,"date":"2019-04-16T18:03:05","date_gmt":"2019-04-16T16:03:05","guid":{"rendered":"https:\/\/edizionilalbero.it\/?page_id=458"},"modified":"2019-04-17T08:55:10","modified_gmt":"2019-04-17T06:55:10","slug":"privacy-policy","status":"publish","type":"page","link":"https:\/\/edizionilalbero.it\/en\/privacy-policy\/","title":{"rendered":"Privacy Policy"},"content":{"rendered":"<!-- Widget Shortcode --><div id=\"custom_html-4\" class=\"widget_text widget_number_1 widget widget_custom_html widget-shortcode area-arbitrary\"><h2 class=\"widgettitle\">Men\u00f9 principale desktop ENG<\/h2><div class=\"textwidget custom-html-widget\"><div id=\"main-menu\" class=\"desktop\">\r\n<div class=\"contenitore-loghi\">\r\n<img class=\"logo-nuvola\" src=\"\/wp-content\/uploads\/white-sx-back.png\">\r\n<a href=\"\/en\"><img class=\"logo-albero\" src=\"\/wp-content\/uploads\/logo-eng-color.png\"><\/a>\r\n\r\n<\/div>\r\n<div class=\"menu-cont\">\r\n<a class=\"elem-menu lalbero\" href=\"\/en\/growing-tree\">growing tree<\/a>\r\n<a style=\"display:none;\" class=\"elem-menu edizioni\" href=\"\/en\/books\">books<\/a>\r\n<a class=\"elem-menu pubblica\" href=\"\/en\/publish\">publish<\/a>\r\n\t\t<a class=\"elem-menu foreign\" href=\"\/en\/foreign-rights\">foreign rights<\/a>\r\n<div style=\"display:none;\">\t<a class=\"elem-menu corsi\" href=\"\/en\/corsi\">COURSES &#038; CONSULTATIONS<\/a>\r\n\t<a class=\"elem-menu info\" href=\"\/en\/blog\">blog<\/a>\r\n\t<\/div>\r\n<a class=\"elem-menu acquista\" href=\"https:\/\/shop.edizionilalbero.it\/en\/\" target=\"_blank\" rel=\"noopener noreferrer\">shop<\/a>\r\n<a style=\"display:none;\" class=\"elem-menu sostieni\" href=\"\/en\/support\">support<\/a>\r\n\r\n<a class=\"elem-menu contatti\" href=\"#footer-custom\">contacts<\/a>\r\n<a class=\"elem-menu contatti\" href=\"\/\">it<\/a>\r\n<\/div>\r\n<\/div><\/div><\/div><!-- \/Widget Shortcode -->\n\n\n<style>\n.contenuto{\nbackground-image: url(\/wp-content\/uploads\/background-page.jpg);\nbackground-size: 100% auto;\nbackground-position: top;\nbackground-repeat: repeat-y;\nposition: relative;\ndisplay: block;\nz-index: 1254;\npadding: 10% 10%;\npadding-top:15%;\n}\n\n<\/style>\n\n<div class=\"contenuto\">\n<p style=\"font-size:28px;\"><strong>INFORMATIVA PRIVACY E COOKIES<\/strong><\/p>\n<br \/>\n<p style=\"font-size:14px;\">INFORMATIVA SUL TRATTAMENTO DEI DATI PERSONALI<\/p>\n<p style=\"font-size:12px;text-align:justify;\">TITOLARE DEL TRATTAMENTO E DPO: Edizioni LAlbero di Cristina Oliva-Klos, Via ai Ronchi, 442, 22076 Mozzate CO. P.IVA.: 03338550134, CF.LVOCST73C52C933H. Tutti i contatti del DPO sono disponibili a <a href=\"\/cristina\/\" target=\"_blank\" rel=\"noopener noreferrer\">QUESTO LINK<\/a><\/p>\n<p style=\"font-size:12px;text-align:justify;\">FONTE DI RACCOLTA DEI DATI: Cookie, cookie di terze parti (Google Analytics), forms digitali.<\/p>\n<p style=\"font-size:12px;text-align:justify;\">In ottemperanza degli obblighi derivanti dalla normativa nazionale (D. Lgs 30 giugno 2003 n. 196, Codice in materia di protezione dei dati personali) e comunitaria, (Regolamento europeo per la protezione dei dati personali n. 679\/2016, GDPR) e successive modifiche, il presente sito rispetta e tutela la riservatezza dei visitatori e degli utenti, ponendo in essere ogni sforzo possibile e proporzionato per non ledere i diritti degli utenti.<\/p>\n<p style=\"font-size:12px;text-align:justify;\">La presente privacy policy si applica esclusivamente alle attivit\u00e0 online del presente sito ed \u00e8 valida per i visitatori\/utenti del sito. Non si applica alle informazioni raccolte tramite canali diversi dal presente sito web. Lo scopo dell&#8217;informativa privacy \u00e8 di fornire la massima trasparenza relativamente alle informazioni che il sito raccoglie e come le usa.<\/p>\n\n<p style=\"font-size:14px;margin-top:35px!important;\">BASE GIURIDICA DEL TRATTAMENTO<\/p>\n<p style=\"font-size:12px;text-align:justify;margin-top:-10px;\">Il presente sito tratta i dati in base al consenso. Con l&#8217;uso o la consultazione del presente sito i visitatori e gli utenti approvano esplicitamente la presente informativa privacy e acconsentono al trattamento dei loro dati personali in relazione alle modalit\u00e0 e alle finalit\u00e0 di seguito descritte, compreso l&#8217;eventuale diffusione a terzi se necessaria per l&#8217;erogazione di un servizio. Il conferimento dei dati e quindi il Consenso alla raccolta e al trattamento dei dati \u00e8 facoltativo, l&#8217;Utente pu\u00f2 negare il consenso, e pu\u00f2 revocare in qualsiasi momento un consenso gi\u00e0 fornito. Tuttavia negare il consenso pu\u00f2 comportare l&#8217;impossibilit\u00e0 di erogare alcuni servizi e l&#8217;esperienza di navigazione nel sito potrebbe essere compromessa. <\/p>\n                \n<p style=\"font-size:14px;margin-top:35px!important;\">DATI RACCOLTI E FINALIT\u00c0<\/p>\n<p style=\"font-size:12px;text-align:justify;margin-top:-10px;\">Come tutti i siti web anche il presente sito fa uso di log files nei quali vengono conservate informazioni raccolte in maniera automatizzata durante le visite degli utenti. Le informazioni raccolte potrebbero essere le seguenti:\n<ul style=\"font-size:12px;margin-bottom:22px;\">\n<li>indirizzo internet protocol (IP);<\/li>\n<li>tipo di browser e parametri del dispositivo usato per connettersi al sito;<\/li>\n<li>nome dell&#8217;internet service provider (ISP);<\/li>\n<li>data e orario di visita;<\/li>\n<li>pagina web di provenienza del visitatore (referral) e di uscita;<\/li>\n<li>eventualmente il numero di click.<\/li>\n<\/ul>\n\n<p style=\"font-size:12px;text-align:justify;margin-top:-10px;\">Le suddette informazioni sono trattate in forma automatizzata e raccolte in forma esclusivamente aggregata al fine di verificare il corretto funzionamento del sito, e per motivi di sicurezza (dal 25 maggio 2018 tali informazioni saranno trattate in base ai legittimi interessi del titolare). A fini di sicurezza (filtri antispam, firewall, rilevazione virus), i dati registrati automaticamente possono eventualmente comprendere anche dati personali come l&#8217;indirizzo Ip, che potrebbe essere utilizzato, conformemente alle leggi vigenti in materia, al fine di bloccare tentativi di danneggiamento al sito medesimo o di recare danno ad altri utenti, o comunque attivit\u00e0 dannose o costituenti reato. Tali dati non sono mai utilizzati per l&#8217;identificazione o la profilazione dell&#8217;utente, ma solo a fini di tutela del sito e dei suoi utenti (dal 25 maggio 2018 tali informazioni saranno trattate in base ai legittimi interessi del titolare).<\/p>\n\n<p style=\"font-size:12px;text-align:justify;margin-top:-10px;\">Qualora il sito consenta l&#8217;inserimento di commenti, oppure in caso di specifici servizi richiesti dall&#8217;utente, il sito rileva automaticamente e registra alcuni dati identificativi dell&#8217;utente, compreso l\u2019indirizzo mail. Tali dati si intendono volontariamente forniti dall&#8217;utente al momento della richiesta di erogazione del servizio. Inserendo un commento o altra informazione l&#8217;utente accetta espressamente l&#8217;informativa privacy, e in particolare acconsente che i contenuti inseriti siano liberamente diffusi anche a terzi.<\/p>\n\n<p style=\"font-size:12px;text-align:justify;margin-top:-10px;\">I dati ricevuti verranno utilizzati esclusivamente per l&#8217;erogazione del servizio richiesto e per il solo tempo necessario per la fornitura del servizio. Le informazioni che gli utenti del sito riterranno di rendere pubbliche tramite i servizi e gli strumenti messi a disposizione degli stessi, sono fornite dall&#8217;utente consapevolmente e volontariamente, esentando il presente sito da qualsiasi responsabilit\u00e0 in merito ad eventuali violazioni delle leggi. Spetta all&#8217;utente verificare di avere i permessi per l&#8217;immissione di dati personali di terzi o di contenuti tutelati dalle norme nazionali ed internazionali.<\/p>\n\n<p style=\"font-size:12px;text-align:justify;margin-top:-10px;\">I dati raccolti dal sito durante il suo funzionamento sono utilizzati esclusivamente per le finalit\u00e0 sopra indicate e conservati per il tempo strettamente necessario a svolgere le attivit\u00e0 precisate. In ogni caso i dati rilevati dal sito non saranno forniti mai a terzi, per nessuna ragione, a meno che non si tratti di legittima richiesta da parte dell\u2019autorit\u00e0 giudiziaria e nei soli casi previsti dalla legge.<\/p>\n\n<p style=\"font-size:12px;text-align:justify;margin-top:-10px;\">I dati utilizzati a fini di sicurezza (tentativi di blocco o danneggiamento del sito, login errati, compilazione form con dati fasulli, ecc) sono conservati per 30 giorni.<\/p>\n\n\n<p style=\"font-size:14px;margin-top:35px!important;\">LUOGO DEL TRATTAMENTO<\/p>\n\n<p style=\"font-size:12px;text-align:justify;margin-top:-10px;\">I dati raccolti dal sito sono trattati presso la sede del Titolare del Trattamento, presso il datacenter del web Hosting &#8211; OVH e presso la sede del webmaster Giampietro Grassi, entrambi corresponsabili del trattamento dei dati, elaborando gli stessi per conto del titolare, nello Spazio Economico Europeo e agendo in conformit\u00e0 delle norme europee.<\/p>\n\n<p style=\"font-size:14px;margin-top:35px!important;\">COOKIE<\/p>\n<p style=\"font-size:12px;text-align:justify;margin-top:-10px;\">Come \u00e8 d&#8217;uso su tutti i siti web, anche questo sito fa uso di cookies, piccoli file di testo che consentono di conservare informazioni sulle preferenze dei visitatori, per migliorare le funzionalit\u00e0 del sito, per semplificarne la navigazione automatizzando le procedure (es. Login, lingua sito) e per l&#8217;analisi dell&#8217;uso del sito.<\/p>\n\n<p style=\"font-size:12px;text-align:justify;margin-top:-10px;\">I cookie di sessione sono essenziali per poter distinguere tra gli utenti collegati, e sono utili per evitare che una funzionalit\u00e0 richiesta possa essere fornita all&#8217;utente sbagliato, nonch\u00e9 per fini di sicurezza per impedire attacchi informatici al sito. I <strong>cookie di sessione<\/strong> non contengono dati personali e durano per la sola sessione in corso, cio\u00e8 fino alla chiusura del browser. Per essi non occorre consenso. I <strong>cookie funzionali<\/strong> utilizzati dal sito sono strettamente necessari per l&#8217;uso dello stesso, in particolare sono collegati ad una espressa richiesta di funzionalit\u00e0 da parte dell&#8217;utente (come il Login), per i quali non occorre alcun consenso.<\/p>\n\n<p style=\"font-size:12px;text-align:justify;margin-top:-10px;\"><strong>Utilizzando il sito il visitatore acconsente espressamente all&#8217;uso dei cookies.<\/strong><\/p>\n\n\n<p style=\"font-size:14px;margin-top:35px!important;\">DISABILITAZIONE COOKIE<\/p>\n<p style=\"font-size:12px;text-align:justify;margin-top:-10px;\">I cookies sono collegati al browser utilizzato e POSSONO ESSERE DISABILITATI DIRETTAMENTE DAL BROWSER, cos\u00ec rifiutando\/revocando il consenso all&#8217;uso dei cookies. Occorre tenere presente che la disabilitazione dei cookies potrebbe impedire il corretto utilizzo di alcune funzioni del sito stesso.\nLe istruzioni per la disabilitazione dei cookies si trovano alle seguenti pagine web:<\/p>\n<div style=\"width:100%;height:auto;display:flex;font-size:12px;\">\n<a href=\"https:\/\/support.mozilla.org\/it\/kb\/Attivare%20e%20disattivare%20i%20cookie\" target=\"_blank\" rel=\"noopener noreferrer\">Mozilla Firefox<\/a><a style=\"margin-left:7px;\" href=\"https:\/\/support.microsoft.com\/it-it\/help\/17442\/windows-internet-explorer-delete-manage-cookies\" target=\"_blank\" rel=\"noopener noreferrer\">Microsoft Internet Explorer<\/a><a style=\"margin-left:7px;\" href=\"https:\/\/support.microsoft.com\/it-it\/help\/4027947\/windows-delete-cookies\" target=\"_blank\" rel=\"noopener noreferrer\">Microsoft Edge<\/a><a style=\"margin-left:7px;\" href=\"https:\/\/support.google.com\/chrome\/answer\/95647?hl=it\" target=\"_blank\" rel=\"noopener noreferrer\">Google Chrome<\/a><a style=\"margin-left:7px;\" href=\"http:\/\/help.opera.com\/Windows\/10.00\/it\/cookies.html\" target=\"_blank\" rel=\"noopener noreferrer\">Opera<\/a><a style=\"margin-left:7px;\" href=\"https:\/\/support.apple.com\/it-it\/HT201265\" target=\"_blank\" rel=\"noopener noreferrer\">Apple Safari<\/a>\n<\/div>\n\n<p style=\"font-size:14px;margin-top:35px!important;\">COOKIES DI TERZE PARTI<\/p>\n<p style=\"font-size:12px;text-align:justify;margin-top:-10px;\">Il presente sito funge anche da intermediario per cookies di terze parti, utilizzati per poter fornire ulteriori servizi e funzionalit\u00e0 ai visitatori e per migliorare l&#8217;uso del sito stesso, come i pulsanti per i social, oppure video. Questo sito non ha alcun controllo sui cookie delle terze parti, interamente gestiti dalle terze parti. In conseguenza di ci\u00f2 le informazioni sull&#8217;uso dei detti cookies e sulle finalit\u00e0 degli stessi, nonch\u00e9 sulle modalit\u00e0 per l&#8217;eventuale disabilitazione, sono fornite direttamente dalle terze parti alle pagine indicate di seguito.<\/p>\n\n<p style=\"font-size:12px;text-align:justify;margin-top:-10px;\">In particolare il presente sito utilizza cookies delle seguenti terze parti:<\/p>\n<ul style=\"font-size:12px;margin-bottom:22px;\">\n<li>Google Analytics: uno strumento di analisi di Google che attraverso l&#8217;uso di cookies (performance cookies), raccoglie dati di navigazione anonimi (IP troncati all&#8217;ultimo ottetto) ed esclusivamente aggregati allo scopo di esaminare l&#8217;uso del sito da parte degli utenti, compilare report sulle attivit\u00e0 nel sito e fornire altre informazioni, compreso il numero dei visitatori e le pagine visitate. Google pu\u00f2 anche trasferire queste informazioni a terzi ove ci\u00f2 sia imposto dalla legge o laddove tali terzi trattino le suddette informazioni per conto di Google. Google non assocer\u00e0 l&#8217;indirizzo Ip a nessun altro dato posseduto da Google. I dati trasmessi a Google sono depositati presso i server di Google negli Stati Uniti. \nIn base a specifico accordo con Google, che \u00e8 designato quale responsabile del trattamento dei dati, questi si impegna a trattare i dati in base alle richieste del Titolare (vedi in fondo all&#8217;informativa), impartite tramite le impostazioni del software. In base a tali impostazioni le opzioni pubblicitarie e di condivisione dei dati sono disattive. Ulteriori informazioni sui cookies di Google Analytics si trovano alla pagina Google Analytics Cookie Usage on Websites. L&#8217;utente pu\u00f2 disabilitare in modo selettivo la raccolta di dati da parte di Google Analytics installando sul proprio browser l&#8217;apposito <a href=\"https:\/\/tools.google.com\/dlpage\/gaoptout\" target=\"_blank\" rel=\"noopener noreferrer\">componente fornito da Google<\/a>.<\/li>\n<li>Youtube: una piattaforma di propriet\u00e0 di Google, per la condivisione di video, che utilizza cookie per raccogliere informazioni degli utenti e dei dispositivi di navigazione. I video presenti nel sito non veicolano cookie all&#8217;accesso della pagina, essendo stata impostata l&#8217;opzione &#8220;privacy avanzata (no cookie)&#8221; in base alla quale YouTube non memorizza le informazioni sui visitatori a meno che essi non riproducano volontariamente il video.<\/li>\n<li>cookie: test_cookie .doubleclick.net che non \u00e8 un cookie permanente, ma \u00e8 utilizzato solo per verificare se il browser dell&#8217;utente supporta i cookie.<\/li>\n<\/ul>\n\n<p style=\"font-size:12px;text-align:justify;margin-top:-10px;\">Per ulteriori informazioni sull&#8217;uso dei dati e sul loro trattamento da parte di Google si raccomanda di prendere visione delle informazioni all&#8217;apposita pagina predisposta da Google, e alla pagina sulle Modalit\u00e0 di utilizzo dei dati da parte di Google quando si utilizzano siti o app dei partner.<\/p> \n\n\n<p style=\"font-size:14px;margin-top:35px!important;\">PLUGIN SOCIAL NETWORK<\/p>\n\n<p style=\"font-size:12px;text-align:justify;margin-top:-10px;\">Il presente sito incorpora anche plugin e\/o bottoni per i social network, al fine di consentire una facile condivisione dei contenuti sui vostri social network preferiti. Tali plugin sono programmati in modo da non impostare alcun cookie all&#8217;accesso della pagina, per salvaguardare la privacy degli utenti. Eventualmente i cookie vengono impostati, se cos\u00ec previsto dai social network, solo quando l&#8217;utente fa effettivo e volontario uso del plugin. Si tenga presente che se l&#8217;utente naviga essendo loggato nel social network allora ha gi\u00e0 acconsentito all&#8217;uso dei cookie veicolati tramite questo sito al momento dell&#8217;iscrizione al social network. La raccolta e l&#8217;uso delle informazioni ottenute a mezzo del plugin sono regolati dalle rispettive informative privacy dei social network, alle quali si prega di fare riferimento.<\/p>\n<div style=\"width:100%;height:auto;display:flex;font-size:12px;\">\n<a href=\"https:\/\/www.facebook.com\/policies\/cookies\/\" target=\"_blank\" rel=\"noopener noreferrer\">Facebook<\/a><a style=\"margin-left:7px;\" href=\"https:\/\/help.twitter.com\/it\/rules-and-policies\/twitter-cookies\" target=\"_blank\" rel=\"noopener noreferrer\">Twitter<\/a><a style=\"margin-left:7px;\" href=\"https:\/\/www.linkedin.com\/legal\/cookie-policy\" target=\"_blank\" rel=\"noopener noreferrer\">LinkedIn<\/a><a style=\"margin-left:7px;\" href=\"https:\/\/policies.google.com\/technologies\/cookies?hl=it\" target=\"_blank\" rel=\"noopener noreferrer\">Google+<\/a>\n<\/div>\n\n\n<p style=\"font-size:14px;margin-top:35px!important;\">TRASFERIMENTO DI DATI IN PAESI EXTRA UE<\/p>\n<p style=\"font-size:12px;text-align:justify;margin-top:-10px;\">Il presente sito tratta i dati degli utenti in maniera lecita e corretta, adottando le opportune misure di sicurezza volte ad impedire accessi non autorizzati, divulgazione, modifica o distruzione non autorizzata dei dati. Il trattamento viene effettuato mediante strumenti informatici e\/o telematici, con modalit\u00e0 organizzative e con logiche strettamente correlate alle finalit\u00e0 indicate. Oltre al titolare, in alcuni casi, potrebbero avere accesso ai dati categorie di incaricati coinvolti nell\u2019organizzazione del sito (personale amministrativo, commerciale, marketing, legali, amministratori di sistema) ovvero soggetti esterni (come fornitori di servizi tecnici terzi, corrieri postali, hosting provider, societ\u00e0 informatiche, agenzie di comunicazione).<\/p>\n\n\n<p style=\"font-size:14px;margin-top:35px!important;\">DIRITTI DELL\u2019UTENTE<\/p>\n\n<p style=\"font-size:12px;text-align:justify;margin-top:-10px;\">Contattandoci via e-mail all\u2019indirizzo <a href=\"mailto:info@edizionilalbero.it\">info@edizionilalbero.it<\/a> o contattando il DPO, Lei pu\u00f2 chiedere alla nostra societ\u00e0 l\u2019accesso ai dati che la riguardano, la loro cancellazione, la rettifica dei dati inesatti, l\u2019integrazione dei dati incompleti, la limitazione del trattamento nei casi previsti dall\u2019art. 18 del GDPR, nonch\u00e9 l\u2019opposizione al trattamento nelle ipotesi di legittimo interesse della Societ\u00e0.<\/p>\n<p style=\"font-size:12px;text-align:justify;margin-top:-10px;\">Inoltre, nel caso in cui il trattamento sia basato sul consenso o sul contratto e sia effettuato con strumenti automatizzati, Lei ha il diritto di ricevere in un formato strutturato, di uso comune e leggibile da dispositivo automatico i Suoi dati personali, nonch\u00e9, se tecnicamente fattibile, di trasmetterli ad altro titolare senza impedimenti.<\/p>\n<p style=\"font-size:12px;text-align:justify;margin-top:-10px;\">Lei ha il diritto di revocare il consenso prestato in qualsiasi momento per finalit\u00e0 di marketing e\/o di profilazione, nonch\u00e9 di opporsi al trattamento dei dati per finalit\u00e0 di marketing, compresa la profilazione connessa al marketing diretto. Resta ferma la possibilit\u00e0 che preferisca essere contattato per la suddetta finalit\u00e0 esclusivamente tramite modalit\u00e0 tradizionali, di manifestare la Sua opposizione solo alla ricezione di comunicazioni attraverso modalit\u00e0 automatizzate.<\/p>\n<p style=\"font-size:12px;text-align:justify;margin-top:-10px;\">Ha il diritto di proporre reclamo all\u2019Autorit\u00e0 di controllo competente nello Stato membro in cui risiede abitualmente o lavora o dello Stato in cui si \u00e8 verificata la presunta violazione.<\/p>\n\n\n<p style=\"font-size:14px;margin-top:35px!important;\">TITOLARE DEL TRATTAMENTO E DPO<\/p>\n\n<p style=\"font-size:12px;text-align:justify;margin-top:-10px;\">Titolare del trattamento e DPO ai sensi delle leggi vigenti \u00e8 Edizioni LAlbero di Cristina Oliva-Klos, Via ai Ronchi, 442, 22076 Mozzate CO. P.IVA.: 03338550134, CF.LVOCST73C52C933H. Tutti i contatti del DPO sono disponibili a <a href=\"\/cristina\/\" target=\"_blank\" rel=\"noopener noreferrer\">QUESTO LINK<\/a><\/p>\n\n<p style=\"font-size:14px;margin-top:35px!important;\">AGGIORNAMENTI<\/p>\n<p style=\"font-size:12px;text-align:justify;margin-top:-10px;\">La presente privacy policy \u00e8 aggiornata alla data del 25 maggio 2018<\/p>\n<\/div>\n","protected":false},"excerpt":{"rendered":"<p>Men\u00f9 principale desktop ENG growing tree books publish foreign rights COURSES &#038; CONSULTATIONS blog shop support contacts it INFORMATIVA PRIVACY E COOKIES INFORMATIVA SUL TRATTAMENTO DEI DATI PERSONALI TITOLARE DEL TRATTAMENTO E DPO: Edizioni LAlbero di Cristina Oliva-Klos, Via ai Ronchi, 442, 22076 Mozzate CO. P.IVA.: 03338550134, CF.LVOCST73C52C933H. Tutti i contatti del DPO sono disponibili [&hellip;]<\/p>\n","protected":false},"author":1,"featured_media":0,"parent":0,"menu_order":0,"comment_status":"closed","ping_status":"closed","template":"","meta":[],"_links":{"self":[{"href":"https:\/\/edizionilalbero.it\/en\/wp-json\/wp\/v2\/pages\/458"}],"collection":[{"href":"https:\/\/edizionilalbero.it\/en\/wp-json\/wp\/v2\/pages"}],"about":[{"href":"https:\/\/edizionilalbero.it\/en\/wp-json\/wp\/v2\/types\/page"}],"author":[{"embeddable":true,"href":"https:\/\/edizionilalbero.it\/en\/wp-json\/wp\/v2\/users\/1"}],"replies":[{"embeddable":true,"href":"https:\/\/edizionilalbero.it\/en\/wp-json\/wp\/v2\/comments?post=458"}],"version-history":[{"count":6,"href":"https:\/\/edizionilalbero.it\/en\/wp-json\/wp\/v2\/pages\/458\/revisions"}],"predecessor-version":[{"id":511,"href":"https:\/\/edizionilalbero.it\/en\/wp-json\/wp\/v2\/pages\/458\/revisions\/511"}],"wp:attachment":[{"href":"https:\/\/edizionilalbero.it\/en\/wp-json\/wp\/v2\/media?parent=458"}],"curies":[{"name":"wp","href":"https:\/\/api.w.org\/{rel}","templated":true}]}}